{"id":26411,"date":"2020-06-28T11:55:24","date_gmt":"2020-06-28T11:55:24","guid":{"rendered":"https:\/\/judithtellado.com\/?post_type=product&#038;p=26411"},"modified":"2026-04-14T18:51:21","modified_gmt":"2026-04-14T16:51:21","slug":"galego","status":"publish","type":"product","link":"https:\/\/judithtellado.com\/shop\/produkt\/galego\/","title":{"rendered":"Galego (CD)"},"content":{"rendered":"<p><em>JazzThing, Februar\/M\u00e4rz 2021<\/em>: &#8220;Perfekte Kollaboration&#8221;<\/p>\n<p><em>Schall, 3\/2020: <\/em>&#8220;Latin-Schwung trifft auf entspannte Jazz-Atmosph\u00e4re und unverbraucht frischer funkiger Popappeal auf lyrisch klug vermittelte Weisheit.&#8221;<\/p>\n<div class=\"page\" title=\"Page 1\">\n<div class=\"section\">\n<div class=\"layoutArea\">\n<div class=\"column\">\n<p><i>Rhein-Main-Magazin, 10\/2020:\u00a0<\/i>&#8220;Paulo Pereiras Querfl\u00f6te jubiliert neben Judith Tellados Stimme in bester Manier des Bossa Nova der sechziger Jahre.&#8221;<\/p>\n<\/div>\n<\/div>\n<\/div>\n<\/div>\n<p><em>Klassik erleben\/Plattenladentipps 09\/2020:<\/em>\u00a0&#8220;Tellado \u00fcberzeugt mit ihrem gro\u00dfen Gesangsspektrum auf Englisch, Portugiesisch und Spanisch sowie ihrer improvisierten Scat-Silbensprache. Bei Paulo Pereiras Saxofonspiel kann man seine gro\u00dfen musikalischen Erfahrungen und die Liebe zum Detail h\u00f6ren. Jazz-Sounds mit Latin-Einfl\u00fcssen aus Karibik und Brasilien sind das Ergebnis der beiden K\u00fcnstler. (&#8230;) Ein Ankommen in einer neuen Zeit, einem neuen Sound, der in seiner Mischung einzigartig ist.&#8221;<\/p>\n<p><em>Hossa, 10\/2020:<\/em> &#8220;Judith Tellado und Paulo Pereira harmonieren eindrucksvoll&#8230; ein Meisterwerk.&#8221;<\/p>\n<p><em>3sat Kulturzeit, 7.10.2020:<\/em> &#8220;Galego \u2013 Gut gegen Herbstblues!&#8221;<\/p>\n<p>Tracklist:<\/p>\n<p>1. Back Bay Blues<br \/>\n2. Galego<br \/>\n3. Nobreza Silenciosa<br \/>\n4. Right Said Eddy<br \/>\n5. Rooftop Groove<br \/>\n6. Samba Para Dagmar<br \/>\n7. Merlin<br \/>\n8. Cyprine<br \/>\n9. Chega De Neve<br \/>\n10. Down Home<\/p>\n<p>Besetzung:<\/p>\n<p>Judith Tellado \u2013 Gesang, Shaker, Liedtexte<br \/>\nPaulo Pereira \u2013 Tenor- und Sopransaxophon, Querfl\u00f6te, Komposition<br \/>\nGeorg Sheljasov \u2013 Klavier, Keyboards, Gitarre<br \/>\nWerner Kolb \u2013 Kontrabass<br \/>\nMarc Ward \u2013 Drums<br \/>\nGunnar Kockjoy \u2013 Trompete<\/p>\n<p>Grafik-Design: Caroline Stamprech<br \/>\nFotos: Joanna Bidler<\/p>\n<p class=\"responsive-video-wrap clr\"><iframe hcb-fetch-image-from=\"https:\/\/youtu.be\/VyC5Fvrwvp8\" title=\"Galego  \u2013 Judith Tellado &amp; Paulo Pereira (bossa nova &amp; latin jazz music video)\" width=\"1200\" height=\"675\" src=\"https:\/\/www.youtube.com\/embed\/VyC5Fvrwvp8?feature=oembed\" frameborder=\"0\" allow=\"accelerometer; autoplay; clipboard-write; encrypted-media; gyroscope; picture-in-picture; web-share\" referrerpolicy=\"strict-origin-when-cross-origin\" allowfullscreen><\/iframe><\/p>\n","protected":false},"excerpt":{"rendered":"<p>JazzThing, Februar\/M\u00e4rz 2021: &#8220;Perfekte Kollaboration&#8221; Schall, 3\/2020: &#8220;Latin-Schwung trifft auf entspannte Jazz-Atmosph\u00e4re und unverbraucht frischer funkiger Popappeal auf lyrisch klug vermittelte Weisheit.&#8221; Rhein-Main-Magazin, 10\/2020:\u00a0&#8220;Paulo Pereiras Querfl\u00f6te jubiliert neben Judith Tellados Stimme in bester Manier des Bossa Nova der sechziger Jahre.&#8221; Klassik erleben\/Plattenladentipps 09\/2020:\u00a0&#8220;Tellado \u00fcberzeugt mit ihrem gro\u00dfen Gesangsspektrum auf Englisch, Portugiesisch und Spanisch sowie ihrer [&hellip;]<\/p>\n","protected":false},"featured_media":27240,"template":"","meta":{"ocean_post_layout":"","ocean_both_sidebars_style":"","ocean_both_sidebars_content_width":0,"ocean_both_sidebars_sidebars_width":0,"ocean_sidebar":"0","ocean_second_sidebar":"0","ocean_disable_margins":"enable","ocean_add_body_class":"","ocean_shortcode_before_top_bar":"","ocean_shortcode_after_top_bar":"","ocean_shortcode_before_header":"","ocean_shortcode_after_header":"","ocean_has_shortcode":"","ocean_shortcode_after_title":"","ocean_shortcode_before_footer_widgets":"","ocean_shortcode_after_footer_widgets":"","ocean_shortcode_before_footer_bottom":"","ocean_shortcode_after_footer_bottom":"","ocean_display_top_bar":"default","ocean_display_header":"default","ocean_header_style":"","ocean_center_header_left_menu":"0","ocean_custom_header_template":"0","ocean_custom_logo":0,"ocean_custom_retina_logo":0,"ocean_custom_logo_max_width":0,"ocean_custom_logo_tablet_max_width":0,"ocean_custom_logo_mobile_max_width":0,"ocean_custom_logo_max_height":0,"ocean_custom_logo_tablet_max_height":0,"ocean_custom_logo_mobile_max_height":0,"ocean_header_custom_menu":"0","ocean_menu_typo_font_family":"0","ocean_menu_typo_font_subset":"","ocean_menu_typo_font_size":0,"ocean_menu_typo_font_size_tablet":0,"ocean_menu_typo_font_size_mobile":0,"ocean_menu_typo_font_size_unit":"px","ocean_menu_typo_font_weight":"","ocean_menu_typo_font_weight_tablet":"","ocean_menu_typo_font_weight_mobile":"","ocean_menu_typo_transform":"","ocean_menu_typo_transform_tablet":"","ocean_menu_typo_transform_mobile":"","ocean_menu_typo_line_height":0,"ocean_menu_typo_line_height_tablet":0,"ocean_menu_typo_line_height_mobile":0,"ocean_menu_typo_line_height_unit":"","ocean_menu_typo_spacing":0,"ocean_menu_typo_spacing_tablet":0,"ocean_menu_typo_spacing_mobile":0,"ocean_menu_typo_spacing_unit":"","ocean_menu_link_color":"","ocean_menu_link_color_hover":"","ocean_menu_link_color_active":"","ocean_menu_link_background":"","ocean_menu_link_hover_background":"","ocean_menu_link_active_background":"","ocean_menu_social_links_bg":"","ocean_menu_social_hover_links_bg":"","ocean_menu_social_links_color":"","ocean_menu_social_hover_links_color":"","ocean_disable_title":"default","ocean_disable_heading":"default","ocean_post_title":"","ocean_post_subheading":"","ocean_post_title_style":"","ocean_post_title_background_color":"","ocean_post_title_background":0,"ocean_post_title_bg_image_position":"","ocean_post_title_bg_image_attachment":"","ocean_post_title_bg_image_repeat":"","ocean_post_title_bg_image_size":"","ocean_post_title_height":0,"ocean_post_title_bg_overlay":0.5,"ocean_post_title_bg_overlay_color":"","ocean_disable_breadcrumbs":"default","ocean_breadcrumbs_color":"","ocean_breadcrumbs_separator_color":"","ocean_breadcrumbs_links_color":"","ocean_breadcrumbs_links_hover_color":"","ocean_display_footer_widgets":"default","ocean_display_footer_bottom":"default","ocean_custom_footer_template":"0"},"product_brand":[],"product_cat":[61],"product_tag":[],"class_list":{"0":"post-26411","1":"product","2":"type-product","3":"status-publish","4":"has-post-thumbnail","6":"product_cat-cds","8":"entry","9":"has-media","11":"first","12":"instock","13":"taxable","14":"shipping-taxable","15":"purchasable","16":"product-type-simple","17":"col","18":"span_1_of_3","19":"owp-content-center","20":"owp-thumbs-layout-horizontal","21":"owp-btn-normal","22":"owp-tabs-layout-horizontal","23":"has-no-thumbnails"},"jetpack_sharing_enabled":true,"_links":{"self":[{"href":"https:\/\/judithtellado.com\/shop\/wp-json\/wp\/v2\/product\/26411","targetHints":{"allow":["GET"]}}],"collection":[{"href":"https:\/\/judithtellado.com\/shop\/wp-json\/wp\/v2\/product"}],"about":[{"href":"https:\/\/judithtellado.com\/shop\/wp-json\/wp\/v2\/types\/product"}],"wp:featuredmedia":[{"embeddable":true,"href":"https:\/\/judithtellado.com\/shop\/wp-json\/wp\/v2\/media\/27240"}],"wp:attachment":[{"href":"https:\/\/judithtellado.com\/shop\/wp-json\/wp\/v2\/media?parent=26411"}],"wp:term":[{"taxonomy":"product_brand","embeddable":true,"href":"https:\/\/judithtellado.com\/shop\/wp-json\/wp\/v2\/product_brand?post=26411"},{"taxonomy":"product_cat","embeddable":true,"href":"https:\/\/judithtellado.com\/shop\/wp-json\/wp\/v2\/product_cat?post=26411"},{"taxonomy":"product_tag","embeddable":true,"href":"https:\/\/judithtellado.com\/shop\/wp-json\/wp\/v2\/product_tag?post=26411"}],"curies":[{"name":"wp","href":"https:\/\/api.w.org\/{rel}","templated":true}]}}