{"id":3287,"date":"2014-02-07T19:28:51","date_gmt":"2014-02-07T19:28:51","guid":{"rendered":"https:\/\/judithtellado.de\/?post_type=product&#038;p=3287"},"modified":"2026-04-14T18:53:25","modified_gmt":"2026-04-14T16:53:25","slug":"under-neon-stars-cd","status":"publish","type":"product","link":"https:\/\/judithtellado.com\/shop\/en\/product\/under-neon-stars-cd\/","title":{"rendered":"Under Neon Stars (CD)"},"content":{"rendered":"<p>\u201cHer voice stands out in the flood of new releases\u201d \u2013 kulturSPIEGEL, 01\/2015<br \/>\n\u201cWith this album, Judith Tellado has arrived in the European jazz singer-songwriter genre with a sovereign and beautiful sound.\u201d \u2013 Jazz Podium, 12\/2014<br \/>\n\u201cLatin American sounds meet jazz, soft pop mixes with the art of songwriting. The year may well continue with such ease.\u201d \u2013 Stern, 01\/2015<\/p>\n<p>Tracklist:<\/p>\n<p>1. Sweet Missie<br \/>\n2. Danza<br \/>\n3. Under neon stars<br \/>\n4. Lady Monique<br \/>\n5. Dead on arrival<br \/>\n6. Before the show<br \/>\n7. A un marinero<br \/>\n8. Qui\u00e9n no te amar\u00e1<br \/>\n9. I&#8217;ll walk for you<br \/>\n10. Life in the sands<br \/>\n11. Round midnight<br \/>\n12. Under neon stars &#8211; short story<\/p>","protected":false},"excerpt":{"rendered":"<p>&#8222;Diese Stimme f\u00e4llt auf in der Flut der Neuerscheinungen\u201c \u2013 kulturSPIEGEL, 1\/2015 &#8222;Judith Tellado ist mit diesem Album souver\u00e4n und klangsch\u00f6n im europ\u00e4ischen Jazz-Singer-Songwriter-Genre angekommen&#8220; \u2013 Jazzpodium, 12\/2014 &#8222;So facettenreich wie ihre Pers\u00f6nlichkeit klingt auch ihr selbstgeschriebenes Album Under Neon Stars&#8220; \u2013 STERN, 2\/2015 Tracklist: 1. Sweet Missie 2. Danza 3. Under neon stars 4. [&hellip;]<\/p>\n","protected":false},"featured_media":27113,"template":"","meta":{"ocean_post_layout":"","ocean_both_sidebars_style":"","ocean_both_sidebars_content_width":0,"ocean_both_sidebars_sidebars_width":0,"ocean_sidebar":"0","ocean_second_sidebar":"0","ocean_disable_margins":"enable","ocean_add_body_class":"","ocean_shortcode_before_top_bar":"","ocean_shortcode_after_top_bar":"","ocean_shortcode_before_header":"","ocean_shortcode_after_header":"","ocean_has_shortcode":"","ocean_shortcode_after_title":"","ocean_shortcode_before_footer_widgets":"","ocean_shortcode_after_footer_widgets":"","ocean_shortcode_before_footer_bottom":"","ocean_shortcode_after_footer_bottom":"","ocean_display_top_bar":"default","ocean_display_header":"default","ocean_header_style":"","ocean_center_header_left_menu":"0","ocean_custom_header_template":"0","ocean_custom_logo":0,"ocean_custom_retina_logo":0,"ocean_custom_logo_max_width":0,"ocean_custom_logo_tablet_max_width":0,"ocean_custom_logo_mobile_max_width":0,"ocean_custom_logo_max_height":0,"ocean_custom_logo_tablet_max_height":0,"ocean_custom_logo_mobile_max_height":0,"ocean_header_custom_menu":"0","ocean_menu_typo_font_family":"0","ocean_menu_typo_font_subset":"","ocean_menu_typo_font_size":0,"ocean_menu_typo_font_size_tablet":0,"ocean_menu_typo_font_size_mobile":0,"ocean_menu_typo_font_size_unit":"px","ocean_menu_typo_font_weight":"","ocean_menu_typo_font_weight_tablet":"","ocean_menu_typo_font_weight_mobile":"","ocean_menu_typo_transform":"","ocean_menu_typo_transform_tablet":"","ocean_menu_typo_transform_mobile":"","ocean_menu_typo_line_height":0,"ocean_menu_typo_line_height_tablet":0,"ocean_menu_typo_line_height_mobile":0,"ocean_menu_typo_line_height_unit":"","ocean_menu_typo_spacing":0,"ocean_menu_typo_spacing_tablet":0,"ocean_menu_typo_spacing_mobile":0,"ocean_menu_typo_spacing_unit":"","ocean_menu_link_color":"","ocean_menu_link_color_hover":"","ocean_menu_link_color_active":"","ocean_menu_link_background":"","ocean_menu_link_hover_background":"","ocean_menu_link_active_background":"","ocean_menu_social_links_bg":"","ocean_menu_social_hover_links_bg":"","ocean_menu_social_links_color":"","ocean_menu_social_hover_links_color":"","ocean_disable_title":"default","ocean_disable_heading":"default","ocean_post_title":"","ocean_post_subheading":"","ocean_post_title_style":"","ocean_post_title_background_color":"","ocean_post_title_background":0,"ocean_post_title_bg_image_position":"","ocean_post_title_bg_image_attachment":"","ocean_post_title_bg_image_repeat":"","ocean_post_title_bg_image_size":"","ocean_post_title_height":0,"ocean_post_title_bg_overlay":0.5,"ocean_post_title_bg_overlay_color":"","ocean_disable_breadcrumbs":"default","ocean_breadcrumbs_color":"","ocean_breadcrumbs_separator_color":"","ocean_breadcrumbs_links_color":"","ocean_breadcrumbs_links_hover_color":"","ocean_display_footer_widgets":"default","ocean_display_footer_bottom":"default","ocean_custom_footer_template":"0"},"product_brand":[],"product_cat":[61],"product_tag":[],"class_list":{"0":"post-3287","1":"product","2":"type-product","3":"status-publish","4":"has-post-thumbnail","6":"product_cat-cds","8":"entry","9":"has-media","11":"first","12":"instock","13":"taxable","14":"shipping-taxable","15":"purchasable","16":"product-type-simple","17":"col","18":"span_1_of_3","19":"owp-content-center","20":"owp-thumbs-layout-horizontal","21":"owp-btn-normal","22":"owp-tabs-layout-horizontal","23":"has-no-thumbnails"},"jetpack_sharing_enabled":true,"_links":{"self":[{"href":"https:\/\/judithtellado.com\/shop\/en\/wp-json\/wp\/v2\/product\/3287","targetHints":{"allow":["GET"]}}],"collection":[{"href":"https:\/\/judithtellado.com\/shop\/en\/wp-json\/wp\/v2\/product"}],"about":[{"href":"https:\/\/judithtellado.com\/shop\/en\/wp-json\/wp\/v2\/types\/product"}],"wp:featuredmedia":[{"embeddable":true,"href":"https:\/\/judithtellado.com\/shop\/en\/wp-json\/wp\/v2\/media\/27113"}],"wp:attachment":[{"href":"https:\/\/judithtellado.com\/shop\/en\/wp-json\/wp\/v2\/media?parent=3287"}],"wp:term":[{"taxonomy":"product_brand","embeddable":true,"href":"https:\/\/judithtellado.com\/shop\/en\/wp-json\/wp\/v2\/product_brand?post=3287"},{"taxonomy":"product_cat","embeddable":true,"href":"https:\/\/judithtellado.com\/shop\/en\/wp-json\/wp\/v2\/product_cat?post=3287"},{"taxonomy":"product_tag","embeddable":true,"href":"https:\/\/judithtellado.com\/shop\/en\/wp-json\/wp\/v2\/product_tag?post=3287"}],"curies":[{"name":"wp","href":"https:\/\/api.w.org\/{rel}","templated":true}]}}