{"id":27419,"date":"2025-05-03T14:51:07","date_gmt":"2025-05-03T12:51:07","guid":{"rendered":"https:\/\/judithtellado.com\/shop\/?post_type=product&#038;p=27419"},"modified":"2026-04-24T19:45:38","modified_gmt":"2026-04-24T17:45:38","slug":"beachbag-alicia","status":"publish","type":"product","link":"https:\/\/judithtellado.com\/shop\/en\/product\/beachbag-alicia\/","title":{"rendered":"Beach bag \"Alicia\""},"content":{"rendered":"<p>My beach bag \u2018Alicia\u2019: a high-quality fabric bag made from organic cotton with my own design, which I based on my painting \u2018We Are All Mad Here\u2019 with the theme ALICE IN WONDERLAND. The bag is perfect for a day at the beach or for a quick shopping trip. It has a stylish and convenient clasp made from wood.<\/p>\n<p>Measurements: 34 x 34 x 17 cm<br \/>\nWeight: ca. 250 g<br \/>\nVolume: 20 liters<br \/>\nMaterial: organic cotton, FSC certified<\/p>","protected":false},"excerpt":{"rendered":"<p>Mein Strandbeutel &#8222;Alicia&#8220;: eine hochwertige gefertigte Stofftasche aus Bio-Baumwolle mit meinem eigenen Design, welches ich auf meinem Gem\u00e4lde &#8222;We Are All Mad Here&#8220; mit dem Thema ALICE IN WONDERLAND basiert habe. Die Tasche ist perfekt geeignet f\u00fcr einen Tag am Strand oder auch f\u00fcr den schnellen Einkauf im Alltag. Sie verf\u00fcgt \u00fcber einen schicken und [&hellip;]<\/p>\n","protected":false},"featured_media":27431,"template":"","meta":{"ocean_post_layout":"","ocean_both_sidebars_style":"","ocean_both_sidebars_content_width":0,"ocean_both_sidebars_sidebars_width":0,"ocean_sidebar":"0","ocean_second_sidebar":"0","ocean_disable_margins":"enable","ocean_add_body_class":"","ocean_shortcode_before_top_bar":"","ocean_shortcode_after_top_bar":"","ocean_shortcode_before_header":"","ocean_shortcode_after_header":"","ocean_has_shortcode":"","ocean_shortcode_after_title":"","ocean_shortcode_before_footer_widgets":"","ocean_shortcode_after_footer_widgets":"","ocean_shortcode_before_footer_bottom":"","ocean_shortcode_after_footer_bottom":"","ocean_display_top_bar":"default","ocean_display_header":"default","ocean_header_style":"","ocean_center_header_left_menu":"0","ocean_custom_header_template":"0","ocean_custom_logo":0,"ocean_custom_retina_logo":0,"ocean_custom_logo_max_width":0,"ocean_custom_logo_tablet_max_width":0,"ocean_custom_logo_mobile_max_width":0,"ocean_custom_logo_max_height":0,"ocean_custom_logo_tablet_max_height":0,"ocean_custom_logo_mobile_max_height":0,"ocean_header_custom_menu":"0","ocean_menu_typo_font_family":"0","ocean_menu_typo_font_subset":"","ocean_menu_typo_font_size":0,"ocean_menu_typo_font_size_tablet":0,"ocean_menu_typo_font_size_mobile":0,"ocean_menu_typo_font_size_unit":"px","ocean_menu_typo_font_weight":"","ocean_menu_typo_font_weight_tablet":"","ocean_menu_typo_font_weight_mobile":"","ocean_menu_typo_transform":"","ocean_menu_typo_transform_tablet":"","ocean_menu_typo_transform_mobile":"","ocean_menu_typo_line_height":0,"ocean_menu_typo_line_height_tablet":0,"ocean_menu_typo_line_height_mobile":0,"ocean_menu_typo_line_height_unit":"","ocean_menu_typo_spacing":0,"ocean_menu_typo_spacing_tablet":0,"ocean_menu_typo_spacing_mobile":0,"ocean_menu_typo_spacing_unit":"","ocean_menu_link_color":"","ocean_menu_link_color_hover":"","ocean_menu_link_color_active":"","ocean_menu_link_background":"","ocean_menu_link_hover_background":"","ocean_menu_link_active_background":"","ocean_menu_social_links_bg":"","ocean_menu_social_hover_links_bg":"","ocean_menu_social_links_color":"","ocean_menu_social_hover_links_color":"","ocean_disable_title":"default","ocean_disable_heading":"default","ocean_post_title":"","ocean_post_subheading":"","ocean_post_title_style":"","ocean_post_title_background_color":"","ocean_post_title_background":0,"ocean_post_title_bg_image_position":"","ocean_post_title_bg_image_attachment":"","ocean_post_title_bg_image_repeat":"","ocean_post_title_bg_image_size":"","ocean_post_title_height":0,"ocean_post_title_bg_overlay":0.5,"ocean_post_title_bg_overlay_color":"","ocean_disable_breadcrumbs":"default","ocean_breadcrumbs_color":"","ocean_breadcrumbs_separator_color":"","ocean_breadcrumbs_links_color":"","ocean_breadcrumbs_links_hover_color":"","ocean_display_footer_widgets":"default","ocean_display_footer_bottom":"default","ocean_custom_footer_template":"0"},"product_brand":[],"product_cat":[155],"product_tag":[],"class_list":{"0":"post-27419","1":"product","2":"type-product","3":"status-publish","4":"has-post-thumbnail","6":"product_cat-merchandise","8":"entry","9":"has-media","11":"first","12":"instock","13":"taxable","14":"shipping-taxable","15":"purchasable","16":"product-type-simple","17":"col","18":"span_1_of_3","19":"owp-content-center","20":"owp-thumbs-layout-horizontal","21":"owp-btn-normal","22":"owp-tabs-layout-horizontal"},"jetpack_sharing_enabled":true,"_links":{"self":[{"href":"https:\/\/judithtellado.com\/shop\/en\/wp-json\/wp\/v2\/product\/27419","targetHints":{"allow":["GET"]}}],"collection":[{"href":"https:\/\/judithtellado.com\/shop\/en\/wp-json\/wp\/v2\/product"}],"about":[{"href":"https:\/\/judithtellado.com\/shop\/en\/wp-json\/wp\/v2\/types\/product"}],"wp:featuredmedia":[{"embeddable":true,"href":"https:\/\/judithtellado.com\/shop\/en\/wp-json\/wp\/v2\/media\/27431"}],"wp:attachment":[{"href":"https:\/\/judithtellado.com\/shop\/en\/wp-json\/wp\/v2\/media?parent=27419"}],"wp:term":[{"taxonomy":"product_brand","embeddable":true,"href":"https:\/\/judithtellado.com\/shop\/en\/wp-json\/wp\/v2\/product_brand?post=27419"},{"taxonomy":"product_cat","embeddable":true,"href":"https:\/\/judithtellado.com\/shop\/en\/wp-json\/wp\/v2\/product_cat?post=27419"},{"taxonomy":"product_tag","embeddable":true,"href":"https:\/\/judithtellado.com\/shop\/en\/wp-json\/wp\/v2\/product_tag?post=27419"}],"curies":[{"name":"wp","href":"https:\/\/api.w.org\/{rel}","templated":true}]}}