{"id":3301,"date":"2017-02-17T20:15:07","date_gmt":"2017-02-17T20:15:07","guid":{"rendered":"https:\/\/demo.audiotheme.com\/ovation\/?page_id=25"},"modified":"2024-07-30T16:34:43","modified_gmt":"2024-07-30T14:34:43","slug":"about","status":"publish","type":"page","link":"https:\/\/judithtellado.com\/de\/about\/","title":{"rendered":"\u00dcber Judith"},"content":{"rendered":"\n<p class=\"has-text-align-center\" style=\"font-size:15px\"><em>\u201eTellado ist eine begnadete Optimistin. Sie singt von der zweiten Chance im Leben, von der Liebe, von Vertrauen und Dankbarkeit, vom Sch\u00f6nen, vom Leben im Moment. Das wird stimmungsvoll verpackt in den Klang der Karibik, den sie in einer Melange aus Jazz, Bolero und Singer-Songwriter-Ankl\u00e4ngen im Herzen tr\u00e4gt&#8220;<\/em><\/p>\n\n\n\n<h2 class=\"wp-block-heading has-text-align-center has-small-font-size\">\u2013 Lippst\u00e4dter Zeitung, 10.08.2022<\/h2>\n\n\n\n<div style=\"height:5px\" aria-hidden=\"true\" class=\"wp-block-spacer\"><\/div>\n\n\n\n<p>Eine Latin-Jazz-Singer-Songwriterin und symbolistische Malerin aus Puerto Rico, die jetzt in Deutschland lebt &#8211; Judith Tellados Erz\u00e4hlung ist verschlungen, gepr\u00e4gt von Umbr\u00fcchen und Neuanf\u00e4ngen, von Liebe, Schmerz und Nostalgie und dem unstillbaren Hunger nach dem Neuen. Aufgewachsen in l\u00e4ndlicher karibischer Umgebung inmitten von Guavenb\u00e4umen und Avocados war Musik allgegenw\u00e4rtig: Ihre Mutter sang zu Aufnahmen spanischer Boleros, und ihr Vater spielte den G\u00fciro, ein karibisches Perkussionsinstrument, dessen Spieltradition Judith mit Hingabe fortf\u00fchrt.<\/p>\n\n\n\n<p>Als Teenager begann Judith, symbolistische Kunst zu malen, und als Universit\u00e4tsstudentin entdeckte sie ihre Liebe zur Jazzmusik in der Stimme von Ella Fitzgerald und dem Saxophon von John Coltrane. Die Liebe ihres Lebens lernte sie auf einer Reise nach Kanada kennen: so heiratete sie einen deutschen Pianisten und Gitarristen und zog nach Hamburg, um dort ihre k\u00fcnstlerische Karriere zu verfolgen. <\/p>\n\n\n\n<p>H\u00e4ufige Themen in Judiths Schaffen sind ihre Erfahrungen als Migrantin und das Leben in einer neuen Realit\u00e4t, weit weg von ihrer Familie und der karibischen Insel. Ihre CD-Ver\u00f6ffentlichungen zelebrieren die Vielfalt mit Songs, die sie auf Spanisch, Englisch und Portugiesisch geschrieben hat. Dabei kombiniert sie die Musik leichth\u00e4ndig mit ihrer bildenden Kunst, einem selbst gen\u00e4hten Kleid, das sie in einem Musikvideo tr\u00e4gt, oder auch einer Kurzgeschichte, welche die Figuren ihrer Lieder aufgreift.\u2028<\/p>\n\n\n\n<p>Mittlerweile hat Judith Hamburg ein &#8222;adi\u00f3s&#8220; zugerufen und ist auf das norddeutsche Land gezogen, um wieder das d\u00f6rfliche Leben zu genie\u00dfen &#8211; weit weg von der tropischen Natur ihrer Kindheit, aber dennoch friedvoll, erfrischend und gr\u00fcn. Neue Geschichten warten darauf, erz\u00e4hlt zu werden, neue Lieder wollen geschrieben werden, Bilder wollen gemalt und Konzerte gespielt werden. Judith Tellado genie\u00dft es, ihre Kreativit\u00e4t auszuleben und sich auf jede neue Idee einzulassen, die ihr in den Sinn kommt, w\u00e4hrend sie sich \u00fcberraschen l\u00e4sst, welche Wendung das Leben als n\u00e4chstes nehmen k\u00f6nnte.<\/p>\n","protected":false},"excerpt":{"rendered":"<p>\u201eTellado ist eine begnadete Optimistin. Sie singt von der zweiten Chance im Leben, von der Liebe, von Vertrauen und Dankbarkeit, vom Sch\u00f6nen, vom Leben im Moment. Das wird stimmungsvoll verpackt in den Klang der Karibik, den sie in einer Melange aus Jazz, Bolero und Singer-Songwriter-Ankl\u00e4ngen im Herzen tr\u00e4gt&#8220; \u2013 Lippst\u00e4dter Zeitung, 10.08.2022 Eine Latin-Jazz-Singer-Songwriterin und [&hellip;]<\/p>\n","protected":false},"author":1,"featured_media":0,"parent":0,"menu_order":0,"comment_status":"closed","ping_status":"closed","template":"","meta":{"footnotes":""},"class_list":{"0":"post-3301","1":"page","2":"type-page","3":"status-publish","5":"entry"},"featured_image_src":null,"_links":{"self":[{"href":"https:\/\/judithtellado.com\/de\/wp-json\/wp\/v2\/pages\/3301","targetHints":{"allow":["GET"]}}],"collection":[{"href":"https:\/\/judithtellado.com\/de\/wp-json\/wp\/v2\/pages"}],"about":[{"href":"https:\/\/judithtellado.com\/de\/wp-json\/wp\/v2\/types\/page"}],"author":[{"embeddable":true,"href":"https:\/\/judithtellado.com\/de\/wp-json\/wp\/v2\/users\/1"}],"replies":[{"embeddable":true,"href":"https:\/\/judithtellado.com\/de\/wp-json\/wp\/v2\/comments?post=3301"}],"version-history":[{"count":30,"href":"https:\/\/judithtellado.com\/de\/wp-json\/wp\/v2\/pages\/3301\/revisions"}],"predecessor-version":[{"id":27313,"href":"https:\/\/judithtellado.com\/de\/wp-json\/wp\/v2\/pages\/3301\/revisions\/27313"}],"wp:attachment":[{"href":"https:\/\/judithtellado.com\/de\/wp-json\/wp\/v2\/media?parent=3301"}],"curies":[{"name":"wp","href":"https:\/\/api.w.org\/{rel}","templated":true}]}}